{"id":1177,"date":"2021-06-08T20:51:05","date_gmt":"2021-06-08T19:51:05","guid":{"rendered":"https:\/\/winexp.consultandco.website\/?page_id=1177"},"modified":"2021-06-08T20:54:34","modified_gmt":"2021-06-08T19:54:34","slug":"mentions-legales","status":"publish","type":"page","link":"https:\/\/winexp.cousin.fr\/es\/endosos\/","title":{"rendered":"Aviso legal"},"content":{"rendered":"<div data-elementor-type=\"wp-page\" data-elementor-id=\"1177\" class=\"elementor elementor-1177\" data-elementor-post-type=\"page\">\n\t\t\t\t\t\t<section class=\"ob-is-breaking-bad elementor-section elementor-top-section elementor-element elementor-element-390ee46 elementor-section-height-min-height elementor-section-boxed elementor-section-height-default elementor-section-items-middle\" data-id=\"390ee46\" data-element_type=\"section\" data-e-type=\"section\" data-settings=\"{&quot;jet_parallax_layout_list&quot;:[{&quot;jet_parallax_layout_image&quot;:{&quot;url&quot;:&quot;&quot;,&quot;id&quot;:&quot;&quot;,&quot;size&quot;:&quot;&quot;},&quot;_id&quot;:&quot;0c6ed66&quot;,&quot;jet_parallax_layout_image_tablet&quot;:{&quot;url&quot;:&quot;&quot;,&quot;id&quot;:&quot;&quot;,&quot;size&quot;:&quot;&quot;},&quot;jet_parallax_layout_image_mobile&quot;:{&quot;url&quot;:&quot;&quot;,&quot;id&quot;:&quot;&quot;,&quot;size&quot;:&quot;&quot;},&quot;jet_parallax_layout_speed&quot;:{&quot;unit&quot;:&quot;%&quot;,&quot;size&quot;:50,&quot;sizes&quot;:[]},&quot;jet_parallax_layout_type&quot;:&quot;scroll&quot;,&quot;jet_parallax_layout_direction&quot;:null,&quot;jet_parallax_layout_fx_direction&quot;:null,&quot;jet_parallax_layout_z_index&quot;:&quot;&quot;,&quot;jet_parallax_layout_bg_x&quot;:50,&quot;jet_parallax_layout_bg_x_tablet&quot;:&quot;&quot;,&quot;jet_parallax_layout_bg_x_mobile&quot;:&quot;&quot;,&quot;jet_parallax_layout_bg_y&quot;:50,&quot;jet_parallax_layout_bg_y_tablet&quot;:&quot;&quot;,&quot;jet_parallax_layout_bg_y_mobile&quot;:&quot;&quot;,&quot;jet_parallax_layout_bg_size&quot;:&quot;auto&quot;,&quot;jet_parallax_layout_bg_size_tablet&quot;:&quot;&quot;,&quot;jet_parallax_layout_bg_size_mobile&quot;:&quot;&quot;,&quot;jet_parallax_layout_animation_prop&quot;:&quot;transform&quot;,&quot;jet_parallax_layout_on&quot;:[&quot;desktop&quot;,&quot;tablet&quot;]}],&quot;_ob_bbad_use_it&quot;:&quot;yes&quot;,&quot;_ob_bbad_sssic_use&quot;:&quot;no&quot;,&quot;_ob_glider_is_slider&quot;:&quot;no&quot;}\">\n\t\t\t\t\t\t<div class=\"elementor-container elementor-column-gap-default\">\n\t\t\t\t\t<div class=\"elementor-column elementor-col-100 elementor-top-column elementor-element elementor-element-025a626\" data-id=\"025a626\" data-element_type=\"column\" data-e-type=\"column\" data-settings=\"{&quot;_ob_bbad_is_stalker&quot;:&quot;no&quot;,&quot;_ob_teleporter_use&quot;:false,&quot;_ob_column_hoveranimator&quot;:&quot;no&quot;,&quot;_ob_column_has_pseudo&quot;:&quot;no&quot;}\">\n\t\t\t<div class=\"elementor-widget-wrap elementor-element-populated\">\n\t\t\t\t\t\t<div class=\"elementor-element elementor-element-1a6f7e2 ob-harakiri-inherit ob-has-background-overlay elementor-widget elementor-widget-heading\" data-id=\"1a6f7e2\" data-element_type=\"widget\" data-e-type=\"widget\" data-settings=\"{&quot;_ob_use_harakiri&quot;:&quot;yes&quot;,&quot;_ob_harakiri_writing_mode&quot;:&quot;inherit&quot;,&quot;_ob_harakiri_text_clip&quot;:&quot;none&quot;,&quot;_ob_perspektive_use&quot;:&quot;no&quot;,&quot;_ob_poopart_use&quot;:&quot;yes&quot;,&quot;_ob_shadough_use&quot;:&quot;no&quot;,&quot;_ob_allow_hoveranimator&quot;:&quot;no&quot;,&quot;_ob_widget_stalker_use&quot;:&quot;no&quot;}\" data-widget_type=\"heading.default\">\n\t\t\t\t<div class=\"elementor-widget-container\">\n\t\t\t\t\t<h2 class=\"elementor-heading-title elementor-size-default\">Aviso legal<\/h2>\t\t\t\t<\/div>\n\t\t\t\t<\/div>\n\t\t\t\t\t<\/div>\n\t\t<\/div>\n\t\t\t\t\t<\/div>\n\t\t<\/section>\n\t\t\t\t<section class=\"ob-is-breaking-bad elementor-section elementor-top-section elementor-element elementor-element-cceb135 elementor-section-boxed elementor-section-height-default elementor-section-height-default\" data-id=\"cceb135\" data-element_type=\"section\" data-e-type=\"section\" data-settings=\"{&quot;jet_parallax_layout_list&quot;:[{&quot;jet_parallax_layout_image&quot;:{&quot;url&quot;:&quot;&quot;,&quot;id&quot;:&quot;&quot;,&quot;size&quot;:&quot;&quot;},&quot;_id&quot;:&quot;1b9138c&quot;,&quot;jet_parallax_layout_image_tablet&quot;:{&quot;url&quot;:&quot;&quot;,&quot;id&quot;:&quot;&quot;,&quot;size&quot;:&quot;&quot;},&quot;jet_parallax_layout_image_mobile&quot;:{&quot;url&quot;:&quot;&quot;,&quot;id&quot;:&quot;&quot;,&quot;size&quot;:&quot;&quot;},&quot;jet_parallax_layout_speed&quot;:{&quot;unit&quot;:&quot;%&quot;,&quot;size&quot;:50,&quot;sizes&quot;:[]},&quot;jet_parallax_layout_type&quot;:&quot;scroll&quot;,&quot;jet_parallax_layout_direction&quot;:null,&quot;jet_parallax_layout_fx_direction&quot;:null,&quot;jet_parallax_layout_z_index&quot;:&quot;&quot;,&quot;jet_parallax_layout_bg_x&quot;:50,&quot;jet_parallax_layout_bg_x_tablet&quot;:&quot;&quot;,&quot;jet_parallax_layout_bg_x_mobile&quot;:&quot;&quot;,&quot;jet_parallax_layout_bg_y&quot;:50,&quot;jet_parallax_layout_bg_y_tablet&quot;:&quot;&quot;,&quot;jet_parallax_layout_bg_y_mobile&quot;:&quot;&quot;,&quot;jet_parallax_layout_bg_size&quot;:&quot;auto&quot;,&quot;jet_parallax_layout_bg_size_tablet&quot;:&quot;&quot;,&quot;jet_parallax_layout_bg_size_mobile&quot;:&quot;&quot;,&quot;jet_parallax_layout_animation_prop&quot;:&quot;transform&quot;,&quot;jet_parallax_layout_on&quot;:[&quot;desktop&quot;,&quot;tablet&quot;]}],&quot;_ob_bbad_use_it&quot;:&quot;yes&quot;,&quot;_ob_bbad_sssic_use&quot;:&quot;no&quot;,&quot;_ob_glider_is_slider&quot;:&quot;no&quot;}\">\n\t\t\t\t\t\t<div class=\"elementor-container elementor-column-gap-default\">\n\t\t\t\t\t<div class=\"elementor-column elementor-col-100 elementor-top-column elementor-element elementor-element-6e27fb7\" data-id=\"6e27fb7\" data-element_type=\"column\" data-e-type=\"column\" data-settings=\"{&quot;_ob_bbad_is_stalker&quot;:&quot;no&quot;,&quot;_ob_teleporter_use&quot;:false,&quot;_ob_column_hoveranimator&quot;:&quot;no&quot;,&quot;_ob_column_has_pseudo&quot;:&quot;no&quot;}\">\n\t\t\t<div class=\"elementor-widget-wrap elementor-element-populated\">\n\t\t\t\t\t\t<div class=\"elementor-element elementor-element-603ef82 ob-harakiri-inherit ob-has-background-overlay elementor-widget elementor-widget-text-editor\" data-id=\"603ef82\" data-element_type=\"widget\" data-e-type=\"widget\" data-settings=\"{&quot;_ob_use_harakiri&quot;:&quot;yes&quot;,&quot;_ob_harakiri_writing_mode&quot;:&quot;inherit&quot;,&quot;_ob_postman_use&quot;:&quot;no&quot;,&quot;_ob_perspektive_use&quot;:&quot;no&quot;,&quot;_ob_poopart_use&quot;:&quot;yes&quot;,&quot;_ob_shadough_use&quot;:&quot;no&quot;,&quot;_ob_allow_hoveranimator&quot;:&quot;no&quot;,&quot;_ob_widget_stalker_use&quot;:&quot;no&quot;}\" data-widget_type=\"text-editor.default\">\n\t\t\t\t<div class=\"elementor-widget-container\">\n\t\t\t\t\t\t\t\t\t<h3>1. Presentaci\u00f3n del sitio.<\/h3><p>De conformidad con el art\u00edculo 6 de la Ley n\u00ba 2004-575 de 21 de junio de 2004 sobre la confianza en la econom\u00eda digital, se informa a los usuarios del sitio que <a href=\"https:\/\/winexp.cousin.fr\/es\/\">winexp.cousin.co.uk<\/a> la identidad de las distintas partes implicadas en su aplicaci\u00f3n y control:<\/p><p><strong>Propietario<\/strong> Cousin &amp; Compagnie- SARL registrada con el n\u00famero 391 215 126 - 2 RUE DU PAS SAINT GEORGES 33000 BORDEAUX.<\/p><p><strong>Creador<\/strong> : <a href=\"https:\/\/digital.consultandco.com\" rel=\"nofollow noopener\" target=\"_blank\">Consult &amp; Co Digital<\/a><\/p><p><strong>Responsable de la publicaci\u00f3n<\/strong> : Cousin &amp; Compagnie - winexp@cousin.fr<br \/>El responsable de la publicaci\u00f3n es una persona f\u00edsica o jur\u00eddica.<\/p><p><strong>Webmaster<\/strong> : <a href=\"https:\/\/digital.consultandco.com\" rel=\"nofollow noopener\" target=\"_blank\">Consult &amp; Co Digital<\/a><\/p><p><strong>Anfitri\u00f3n<\/strong> : <a href=\"https:\/\/digital.consultandco.com\" rel=\"nofollow noopener\" target=\"_blank\">Consult &amp; Co Digital<\/a><\/p><h3>2. Condiciones generales de uso del sitio y de los servicios ofrecidos.<\/h3><p>El uso del sitio <a href=\"https:\/\/winexp.cousin.fr\/es\/\">winexp.cousin.co.uk<\/a> implica la aceptaci\u00f3n plena y completa de las condiciones generales de uso descritas a continuaci\u00f3n. Estas condiciones de uso pueden ser modificadas o complementadas en cualquier momento, los usuarios del sitio <a href=\"https:\/\/winexp.cousin.fr\/es\/\">winexp.cousin.co.uk<\/a> por lo que se les invita a consultarlos peri\u00f3dicamente.<\/p><p>Este sitio es normalmente accesible a los usuarios en todo momento. No obstante, Cousin &amp; Compagnie puede decidir interrumpir el sitio por motivos de mantenimiento t\u00e9cnico. En tal caso, Cousin &amp; Compagnie se esforzar\u00e1 por informar previamente a los usuarios de las fechas y horas de la intervenci\u00f3n.<\/p><p>El sitio <a href=\"https:\/\/winexp.cousin.fr\/es\/\">winexp.cousin.co.uk<\/a> se actualiza regularmente por <a href=\"https:\/\/digital.consultandco.com\" rel=\"nofollow noopener\" target=\"_blank\">Consult &amp; Co Digital<\/a>. Del mismo modo, los avisos legales pueden modificarse en cualquier momento: no obstante, son vinculantes para el usuario, al que se invita a consultarlos con la mayor frecuencia posible para tomar nota de ellos.<\/p><h3>3. Descripci\u00f3n de los servicios prestados.<\/h3><p>El sitio <a href=\"https:\/\/winexp.cousin.fr\/es\/\">winexp.cousin.co.uk<\/a> es proporcionar informaci\u00f3n sobre todas las actividades de la empresa.<\/p><p>Cousin &amp; Compagnie se esfuerza por ofrecer en el sitio <a href=\"https:\/\/winexp.cousin.fr\/es\/\">winexp.cousin.co.uk<\/a> informaci\u00f3n lo m\u00e1s exacta posible. Sin embargo, no se le puede responsabilizar de las omisiones, inexactitudes y deficiencias en la actualizaci\u00f3n, ya sea por su culpa o por la de los terceros asociados que le proporcionan esta informaci\u00f3n.<\/p><p>Toda la informaci\u00f3n en el sitio web <a href=\"https:\/\/winexp.cousin.fr\/es\/\">winexp.cousin.co.uk<\/a> se dan a t\u00edtulo informativo y est\u00e1n sujetas a cambios. Adem\u00e1s, la informaci\u00f3n del sitio <a href=\"https:\/\/winexp.cousin.fr\/es\/\">winexp.cousin.co.uk<\/a> no son exhaustivos. Se dan a condici\u00f3n de que se hayan hecho modificaciones desde que se pusieron en l\u00ednea.<\/p><h3>4. Limitaciones contractuales de los datos t\u00e9cnicos.<\/h3><p>El sitio utiliza la tecnolog\u00eda JavaScript.<\/p><p>El sitio web no se hace responsable de los da\u00f1os materiales relacionados con el uso del sitio. Adem\u00e1s, el usuario del sitio se compromete a acceder a \u00e9l con equipos recientes, libres de virus y con un navegador actualizado de \u00faltima generaci\u00f3n.<\/p><h3>5. Propiedad intelectual y falsificaci\u00f3n.<\/h3><p>Cousin &amp; Compagnie es el propietario de los derechos de propiedad intelectual o tiene los derechos de uso sobre todos los elementos accesibles en el sitio, en particular los textos, im\u00e1genes, gr\u00e1ficos, logotipos, iconos, sonidos, software.<\/p><p>Cualquier reproducci\u00f3n, representaci\u00f3n, modificaci\u00f3n, publicaci\u00f3n, adaptaci\u00f3n de la totalidad o parte de los elementos del sitio, cualquiera que sea el medio o el procedimiento utilizado, est\u00e1 prohibida, salvo autorizaci\u00f3n previa por escrito de : Cousin &amp; Compagnie.<\/p><p>Toda utilizaci\u00f3n no autorizada del sitio o de alguno de los elementos que contiene se considerar\u00e1 constitutiva de infracci\u00f3n y ser\u00e1 perseguida de conformidad con las disposiciones de los art\u00edculos L.335-2 y siguientes del C\u00f3digo de la Propiedad Intelectual.<\/p><h3>6. Limitaciones de responsabilidad.<\/h3><p>Cousin &amp; Compagnie no se responsabiliza de los da\u00f1os directos e indirectos causados al equipo del usuario al acceder al sitio winexp.cousin.fr, y que resulten bien del uso de un equipo que no cumpla las especificaciones indicadas en el punto 4, bien de la aparici\u00f3n de un error o de una incompatibilidad.<\/p><p>Cousin &amp; Compagnie no se hace responsable de los da\u00f1os indirectos (como la p\u00e9rdida de mercado o la p\u00e9rdida de oportunidades) resultantes del uso del sitio <a href=\"https:\/\/winexp.cousin.fr\/es\/\">winexp.cousin.co.uk<\/a>.<\/p><p>Los usuarios disponen de espacios interactivos (posibilidad de hacer preguntas en la zona de contacto). Cousin &amp; Compagnie se reserva el derecho de eliminar, sin previo aviso, cualquier contenido publicado en este espacio que contravenga la legislaci\u00f3n aplicable en Francia, en particular las disposiciones relativas a la protecci\u00f3n de datos. En caso de necesidad, Cousin &amp; Compagnie se reserva tambi\u00e9n la posibilidad de poner en tela de juicio la responsabilidad civil y\/o penal del usuario, especialmente en el caso de mensajes de car\u00e1cter racista, insultante, difamatorio o pornogr\u00e1fico, sea cual sea el soporte utilizado (texto, fotograf\u00edas, etc.).<\/p><h3>7. Gesti\u00f3n de datos personales.<\/h3><p>En Francia, los datos personales est\u00e1n protegidos por la ley n\u00ba 78-87 de 6 de enero de 1978, la ley n\u00ba 2004-801 de 6 de agosto de 2004, el art\u00edculo L. 226-13 del C\u00f3digo Penal y la Directiva Europea de 24 de octubre de 1995.<\/p><p>Al utilizar el sitio <a href=\"https:\/\/winexp.cousin.fr\/es\/\">winexp.cousin.co.uk<\/a>Se puede recoger: la URL de los enlaces a trav\u00e9s de los cuales el usuario ha accedido al sitio <a href=\"https:\/\/winexp.cousin.fr\/es\/\">winexp.cousin.co.uk<\/a>La direcci\u00f3n del Protocolo de Internet (IP) del usuario.<\/p><p>En cualquier caso, Cousin &amp; Compagnie recoge informaci\u00f3n personal sobre el usuario s\u00f3lo para la necesidad de algunos servicios ofrecidos por el sitio web <a href=\"https:\/\/winexp.cousin.fr\/es\/\">winexp.cousin.co.uk<\/a>. El usuario proporciona esta informaci\u00f3n con pleno conocimiento de causa, en particular cuando la introduce. A continuaci\u00f3n, se especifica al usuario del sitio <a href=\"https:\/\/winexp.cousin.fr\/es\/\">winexp.cousin.co.uk<\/a> la obligaci\u00f3n de proporcionar esta informaci\u00f3n.<\/p><p>De conformidad con las disposiciones de los art\u00edculos 38 y siguientes de la ley 78-17 del 6 de enero de 1978 relativa a la inform\u00e1tica, a los archivos y a las libertades, todo usuario dispone de un derecho de acceso, de rectificaci\u00f3n y de oposici\u00f3n a los datos personales que le conciernen, mediante una solicitud escrita y firmada, acompa\u00f1ada de una copia del documento de identidad con la firma del titular del documento, precisando la direcci\u00f3n a la que debe enviarse la respuesta.<\/p><p>Ninguna informaci\u00f3n personal del usuario del sitio <a href=\"https:\/\/winexp.cousin.fr\/es\/\">winexp.cousin.co.uk<\/a> se publique sin el conocimiento del usuario, se intercambie, se transfiera, se ceda o se venda en cualquier medio a terceros. S\u00f3lo la hip\u00f3tesis de la recompra de Cousin &amp; Compagnie y de sus derechos permitir\u00eda la transmisi\u00f3n de dicha informaci\u00f3n al eventual comprador que estar\u00eda a su vez sujeto a la misma obligaci\u00f3n de conservaci\u00f3n y modificaci\u00f3n de los datos con respecto al usuario del sitio <a href=\"https:\/\/winexp.cousin.fr\/es\/\">winexp.cousin.co.uk<\/a>.<\/p><p>Las bases de datos est\u00e1n protegidas por las disposiciones de la ley de 1 de julio de 1998 que transpone la Directiva 96\/9 de 11 de marzo de 1996 sobre la protecci\u00f3n jur\u00eddica de las bases de datos.<\/p><h3>8. Hiperv\u00ednculos y cookies.<\/h3><p>El sitio <a href=\"https:\/\/winexp.cousin.fr\/es\/\">winexp.cousin.co.uk<\/a> contiene un cierto n\u00famero de hiperv\u00ednculos a otros sitios, establecidos con la autorizaci\u00f3n de Cousin &amp; Compagnie. Sin embargo, Cousin &amp; Compagnie no tiene la posibilidad de comprobar el contenido de los sitios as\u00ed visitados, y en consecuencia no asumir\u00e1 ninguna responsabilidad por este hecho.<\/p><p>Navegar por el sitio <a href=\"https:\/\/winexp.cousin.fr\/es\/\">winexp.cousin.co.uk<\/a> puede hacer que se instalen cookies en el ordenador del usuario. Una cookie es un peque\u00f1o archivo que no permite identificar al usuario, pero que registra informaci\u00f3n relativa a la navegaci\u00f3n de un ordenador en un sitio. Los datos as\u00ed obtenidos est\u00e1n destinados a facilitar la navegaci\u00f3n posterior en el sitio, y tambi\u00e9n a permitir diversas medidas de frecuentaci\u00f3n.<\/p><p>Rechazar la instalaci\u00f3n de una cookie puede imposibilitar el acceso a determinados servicios. Sin embargo, el usuario puede configurar su ordenador de la siguiente manera para rechazar la instalaci\u00f3n de cookies:<\/p><p>En Internet Explorer: pesta\u00f1a Herramientas (icono con forma de engranaje en la parte superior derecha) \/ Opciones de Internet. Haga clic en Privacidad y elija Bloquear todas las cookies. Validar en Ok.<\/p><p>En Firefox: en la parte superior de la ventana del navegador, haga clic en el bot\u00f3n de Firefox y luego vaya a la pesta\u00f1a Opciones. Haga clic en la pesta\u00f1a Privacidad.<br \/>Establezca las Reglas de Retenci\u00f3n en: utilizar la configuraci\u00f3n personalizada para el historial. Por \u00faltimo, desmarque la casilla para desactivar las cookies.<\/p><p>En Safari: haga clic en el icono del men\u00fa (simbolizado por un engranaje) situado en la parte superior derecha del navegador. Seleccione la configuraci\u00f3n. Haga clic en Mostrar la configuraci\u00f3n avanzada. En la secci\u00f3n \"Privacidad\", haga clic en \"Configuraci\u00f3n del contenido\". En la secci\u00f3n \"Cookies\", puede bloquear las cookies.<\/p><p>En Chrome: haga clic en el icono del men\u00fa (simbolizado por tres l\u00edneas horizontales) situado en la parte superior derecha del navegador. Seleccione la configuraci\u00f3n. Haga clic en Mostrar la configuraci\u00f3n avanzada. En la secci\u00f3n \"Privacidad\", haga clic en las preferencias. En la pesta\u00f1a \"Privacidad\", puede bloquear las cookies.<\/p><h3>9. Legislaci\u00f3n y jurisdicci\u00f3n aplicables.<\/h3><p>Cualquier conflicto relacionado con el uso del sitio <a href=\"https:\/\/winexp.cousin.fr\/es\/\">winexp.cousin.co.uk<\/a> est\u00e1 sujeta a la legislaci\u00f3n francesa. La jurisdicci\u00f3n exclusiva se otorga a los tribunales competentes de Burdeos.<\/p><h3>10. Las principales leyes implicadas.<\/h3><p>Ley n\u00b0 78-17 de 6 de enero de 1978, modificada en particular por la ley n\u00b0 2004-801 de 6 de agosto de 2004 sobre la inform\u00e1tica, los archivos y las libertades.<\/p><p>Ley n\u00ba 2004-575 de 21 de junio de 2004 para la confianza en la econom\u00eda digital.<\/p><h3>11. L\u00e9xico.<\/h3><p>Usuario: usuario de Internet que se conecta y utiliza el sitio mencionado.<\/p><p>Informaci\u00f3n personal: \"informaci\u00f3n que permite, bajo cualquier forma, directa o indirectamente, la identificaci\u00f3n de las personas f\u00edsicas a las que se aplica\" (art\u00edculo 4 de la ley n\u00b0 78-17 de 6 de enero de 1978).<\/p>\t\t\t\t\t\t\t\t<\/div>\n\t\t\t\t<\/div>\n\t\t\t\t\t<\/div>\n\t\t<\/div>\n\t\t\t\t\t<\/div>\n\t\t<\/section>\n\t\t\t\t<\/div>","protected":false},"excerpt":{"rendered":"<p>1. Pr\u00e9sentation du site. En vertu de l\u2019article 6 de la loi n\u00b0 2004-575 du 21 juin 2004 pour la confiance dans l\u2019\u00e9conomie num\u00e9rique, il est pr\u00e9cis\u00e9 aux utilisateurs du site winexp.cousin.fr l\u2019identit\u00e9 des diff\u00e9rents intervenants dans le cadre de sa r\u00e9alisation et de son suivi : Propri\u00e9taire : Cousin &amp; Compagnie\u2013 SARL immatricul\u00e9e sous [&hellip;]<\/p>","protected":false},"author":1,"featured_media":0,"parent":0,"menu_order":98,"comment_status":"closed","ping_status":"closed","template":"elementor_header_footer","meta":{"footnotes":""},"class_list":["post-1177","page","type-page","status-publish","hentry"],"_links":{"self":[{"href":"https:\/\/winexp.cousin.fr\/es\/wp-json\/wp\/v2\/pages\/1177","targetHints":{"allow":["GET"]}}],"collection":[{"href":"https:\/\/winexp.cousin.fr\/es\/wp-json\/wp\/v2\/pages"}],"about":[{"href":"https:\/\/winexp.cousin.fr\/es\/wp-json\/wp\/v2\/types\/page"}],"author":[{"embeddable":true,"href":"https:\/\/winexp.cousin.fr\/es\/wp-json\/wp\/v2\/users\/1"}],"replies":[{"embeddable":true,"href":"https:\/\/winexp.cousin.fr\/es\/wp-json\/wp\/v2\/comments?post=1177"}],"version-history":[{"count":5,"href":"https:\/\/winexp.cousin.fr\/es\/wp-json\/wp\/v2\/pages\/1177\/revisions"}],"predecessor-version":[{"id":1188,"href":"https:\/\/winexp.cousin.fr\/es\/wp-json\/wp\/v2\/pages\/1177\/revisions\/1188"}],"wp:attachment":[{"href":"https:\/\/winexp.cousin.fr\/es\/wp-json\/wp\/v2\/media?parent=1177"}],"curies":[{"name":"wp","href":"https:\/\/api.w.org\/{rel}","templated":true}]}}